{"id":45,"date":"2020-10-28T06:21:28","date_gmt":"2020-10-28T06:21:28","guid":{"rendered":"http:\/\/layerdrops.com\/zimedwp\/?page_id=45"},"modified":"2022-03-05T13:29:03","modified_gmt":"2022-03-05T13:29:03","slug":"iletisim","status":"publish","type":"page","link":"https:\/\/www.kasimogullarigroup.com\/reklam\/iletisim\/","title":{"rendered":"\u0130leti\u015fim"},"content":{"rendered":"\t\t<div data-elementor-type=\"wp-page\" data-elementor-id=\"45\" class=\"elementor elementor-45\" data-elementor-settings=\"[]\">\n\t\t\t\t\t\t\t<div class=\"elementor-section-wrap\">\n\t\t\t\t\t\t\t<section class=\"elementor-section elementor-top-section elementor-element elementor-element-d11bb08 elementor-section-full_width elementor-section-height-default elementor-section-height-default\" data-id=\"d11bb08\" data-element_type=\"section\">\n\t\t\t\t\t\t<div class=\"elementor-container elementor-column-gap-no\">\n\t\t\t\t\t<div class=\"elementor-column elementor-col-100 elementor-top-column elementor-element elementor-element-285f19a\" data-id=\"285f19a\" data-element_type=\"column\">\n\t\t\t<div class=\"elementor-widget-wrap elementor-element-populated\">\n\t\t\t\t\t\t\t\t<div class=\"elementor-element elementor-element-e65d874 elementor-hidden-mobile elementor-widget elementor-widget-zimed-contact-one\" data-id=\"e65d874\" data-element_type=\"widget\" data-widget_type=\"zimed-contact-one.default\">\n\t\t\t\t<div class=\"elementor-widget-container\">\n\t\t\t        <section class=\"contact-one\">\r\n            <img decoding=\"async\" src=\"http:\/\/layerdrops.com\/zimedwp\/wp-content\/uploads\/2020\/11\/contact-shape-1-2.png\" class=\"contact-one__shape-1\" alt=\"\"><img decoding=\"async\" src=\"http:\/\/layerdrops.com\/zimedwp\/wp-content\/uploads\/2020\/10\/contact-shape-2.png\" class=\"contact-one__shape-2\" alt=\"\"><img decoding=\"async\" src=\"http:\/\/layerdrops.com\/zimedwp\/wp-content\/uploads\/2020\/11\/contact-shape-1-1.png\" class=\"contact-one__shape-3\" alt=\"\">            <div class=\"container\">\r\n                <div class=\"row\">\r\n                    <div class=\"col-lg-6\">\r\n                        <div class=\"contact-one__content\">\r\n                            <div class=\"contact-one__images\">\r\n                                <img decoding=\"async\" src=\"https:\/\/www.kasimogullarigroup.com\/reklam\/wp-content\/uploads\/2021\/10\/iletis\u0327im.png\" class=\"wow fadeInUp\" data-wow-duration=\"1500ms\" alt=\"\">                            <\/div><!-- \/.contact-one__images -->\r\n                            <div class=\"contact-one__infos\">\r\n                                                                    <div class=\"contact-one__infos-single icon-box-wrapper\">\r\n                                        <div class=\"contact-one__infos-icon icon-box-with-bubble\">\r\n                                            <i class=\"zimed-new-icon-telephone\"><\/i>\r\n                                        <\/div><!-- \/.contact-one__infos-icon -->\r\n                                        <div class=\"contact-one__infos-content\">\r\n                                            <h3>Telefon<\/h3>\r\n                                            <p><a href=\"tel:0 543 347 87 61\">0 543 347 87 61\n<\/a><\/p>\r\n                                        <\/div><!-- \/.contact-one__infos-content -->\r\n                                    <\/div><!-- \/.contact-one__infos-single -->\r\n                                                                    <div class=\"contact-one__infos-single icon-box-wrapper\">\r\n                                        <div class=\"contact-one__infos-icon icon-box-with-bubble\">\r\n                                            <i class=\"zimed-new-icon-email\"><\/i>\r\n                                        <\/div><!-- \/.contact-one__infos-icon -->\r\n                                        <div class=\"contact-one__infos-content\">\r\n                                            <h3>Email<\/h3>\r\n                                            <p><a href=\"mailto:needhelp@zimed.com\">iletisim@kasimogullarigroup.com<\/a><\/p>\r\n                                        <\/div><!-- \/.contact-one__infos-content -->\r\n                                    <\/div><!-- \/.contact-one__infos-single -->\r\n                                                                    <div class=\"contact-one__infos-single icon-box-wrapper\">\r\n                                        <div class=\"contact-one__infos-icon icon-box-with-bubble\">\r\n                                            <i class=\"zimed-new-icon-map-pin\"><\/i>\r\n                                        <\/div><!-- \/.contact-one__infos-icon -->\r\n                                        <div class=\"contact-one__infos-content\">\r\n                                            <h3>Adres<\/h3>\r\n                                            <p>Organize Sanayi B\u00f6lgesi 1.Cadde No:40 Aziziye ERZURUM <\/p>\r\n                                        <\/div><!-- \/.contact-one__infos-content -->\r\n                                    <\/div><!-- \/.contact-one__infos-single -->\r\n                                                            <\/div><!-- \/.contact-one__infos -->\r\n                        <\/div><!-- \/.contact-one__content -->\r\n                    <\/div><!-- \/.col-lg-6 -->\r\n                    <div class=\"col-lg-6\">\r\n                        <div class=\"contact-one__form-wrap\">\r\n                            <div class=\"block-title color-5\">\r\n                                <span class=\"block-title__bubbles\"><\/span>\r\n                                <p>\u0130LET\u0130\u015e\u0130M<\/p>\r\n                                <h3>B\u0130ZE <span>YAZ<\/span><\/h3>\r\n                            <\/div><!-- \/.block-title -->\r\n                            <div role=\"form\" class=\"wpcf7\" id=\"wpcf7-f5-o1\" lang=\"en-US\" dir=\"ltr\">\n<div class=\"screen-reader-response\"><p role=\"status\" aria-live=\"polite\" aria-atomic=\"true\"><\/p> <ul><\/ul><\/div>\n<form action=\"\/reklam\/wp-json\/wp\/v2\/pages\/45#wpcf7-f5-o1\" method=\"post\" class=\"wpcf7-form init\" novalidate=\"novalidate\" data-status=\"init\">\n<div style=\"display: none;\">\n<input type=\"hidden\" name=\"_wpcf7\" value=\"5\" \/>\n<input type=\"hidden\" name=\"_wpcf7_version\" value=\"5.4.2\" \/>\n<input type=\"hidden\" name=\"_wpcf7_locale\" value=\"en_US\" \/>\n<input type=\"hidden\" name=\"_wpcf7_unit_tag\" value=\"wpcf7-f5-o1\" \/>\n<input type=\"hidden\" name=\"_wpcf7_container_post\" value=\"0\" \/>\n<input type=\"hidden\" name=\"_wpcf7_posted_data_hash\" value=\"\" \/>\n<\/div>\n<div class=\"contact-form-validated contact-one__form\">\n<div class=\"row\">\n<div class=\"col-md-6\">\n            <span class=\"wpcf7-form-control-wrap your-name\"><input type=\"text\" name=\"your-name\" value=\"\" size=\"40\" class=\"wpcf7-form-control wpcf7-text wpcf7-validates-as-required\" aria-required=\"true\" aria-invalid=\"false\" placeholder=\"Ad Soyad\" \/><\/span>\n        <\/div>\n<p><!-- \/.col-md-6 --><\/p>\n<div class=\"col-md-6\">\n            <span class=\"wpcf7-form-control-wrap your-email\"><input type=\"email\" name=\"your-email\" value=\"\" size=\"40\" class=\"wpcf7-form-control wpcf7-text wpcf7-email wpcf7-validates-as-required wpcf7-validates-as-email\" aria-required=\"true\" aria-invalid=\"false\" placeholder=\"Email\" \/><\/span>\n        <\/div>\n<p><!-- \/.col-md-6 --><\/p>\n<div class=\"col-md-6\">\n            <span class=\"wpcf7-form-control-wrap your-phone\"><input type=\"text\" name=\"your-phone\" value=\"\" size=\"40\" class=\"wpcf7-form-control wpcf7-text\" aria-invalid=\"false\" placeholder=\"Telefon\" \/><\/span>\n        <\/div>\n<p><!-- \/.col-md-6 --><\/p>\n<div class=\"col-md-6\">\n            <span class=\"wpcf7-form-control-wrap your-subject\"><input type=\"text\" name=\"your-subject\" value=\"\" size=\"40\" class=\"wpcf7-form-control wpcf7-text\" aria-invalid=\"false\" placeholder=\"Konu\" \/><\/span>\n        <\/div>\n<p><!-- \/.col-md-6 --><\/p>\n<div class=\"col-md-12\">\n            <span class=\"wpcf7-form-control-wrap your-message\"><textarea name=\"your-message\" cols=\"40\" rows=\"10\" class=\"wpcf7-form-control wpcf7-textarea\" aria-invalid=\"false\" placeholder=\"Mesaj\"><\/textarea><\/span><br \/>\n            <button type=\"submit\" class=\"thm-btn contact-one__form-btn\">G\u00f6nder<\/button>\n        <\/div>\n<p><!-- \/.col-md-12 -->\n    <\/div>\n<p><!-- \/.row -->\n<\/div>\n<p><!-- \/.contact-one__form --><\/p>\n<div class=\"wpcf7-response-output\" aria-hidden=\"true\"><\/div><\/form><\/div>                        <\/div><!-- \/.contact-one__form-wrap -->\r\n                    <\/div><!-- \/.col-lg-6 -->\r\n                <\/div><!-- \/.row -->\r\n            <\/div><!-- \/.container -->\r\n        <\/section><!-- \/.contact-one -->\r\n\t\t<\/div>\n\t\t\t\t<\/div>\n\t\t\t\t<div class=\"elementor-element elementor-element-400d183 elementor-widget elementor-widget-spacer\" data-id=\"400d183\" data-element_type=\"widget\" data-widget_type=\"spacer.default\">\n\t\t\t\t<div class=\"elementor-widget-container\">\n\t\t\t\t\t<div class=\"elementor-spacer\">\n\t\t\t<div class=\"elementor-spacer-inner\"><\/div>\n\t\t<\/div>\n\t\t\t\t<\/div>\n\t\t\t\t<\/div>\n\t\t\t\t\t<\/div>\n\t\t<\/div>\n\t\t\t\t\t\t\t<\/div>\n\t\t<\/section>\n\t\t\t\t<section class=\"elementor-section elementor-top-section elementor-element elementor-element-909230a elementor-section-boxed elementor-section-height-default elementor-section-height-default\" data-id=\"909230a\" data-element_type=\"section\" data-settings=\"{&quot;background_background&quot;:&quot;classic&quot;}\">\n\t\t\t\t\t\t<div class=\"elementor-container elementor-column-gap-default\">\n\t\t\t\t\t<div class=\"elementor-column elementor-col-33 elementor-top-column elementor-element elementor-element-68f263c\" data-id=\"68f263c\" data-element_type=\"column\">\n\t\t\t<div class=\"elementor-widget-wrap elementor-element-populated\">\n\t\t\t\t\t\t\t\t<div class=\"elementor-element elementor-element-9b85682 elementor-align-justify elementor-widget elementor-widget-button\" data-id=\"9b85682\" data-element_type=\"widget\" data-widget_type=\"button.default\">\n\t\t\t\t<div class=\"elementor-widget-container\">\n\t\t\t\t\t<div class=\"elementor-button-wrapper\">\n\t\t\t<a href=\"https:\/\/wa.me\/905433478761\" target=\"_blank\" class=\"elementor-button-link elementor-button elementor-size-xl elementor-animation-shrink\" role=\"button\">\n\t\t\t\t\t\t<span class=\"elementor-button-content-wrapper\">\n\t\t\t\t\t\t<span class=\"elementor-button-icon elementor-align-icon-left\">\n\t\t\t\t<i aria-hidden=\"true\" class=\"fab fa-whatsapp\"><\/i>\t\t\t<\/span>\n\t\t\t\t\t\t<span class=\"elementor-button-text\">0 543 347 87 61<\/span>\n\t\t<\/span>\n\t\t\t\t\t<\/a>\n\t\t<\/div>\n\t\t\t\t<\/div>\n\t\t\t\t<\/div>\n\t\t\t\t\t<\/div>\n\t\t<\/div>\n\t\t\t\t<div class=\"elementor-column elementor-col-66 elementor-top-column elementor-element elementor-element-e3ef46a\" data-id=\"e3ef46a\" data-element_type=\"column\">\n\t\t\t<div class=\"elementor-widget-wrap elementor-element-populated\">\n\t\t\t\t\t\t\t\t<div class=\"elementor-element elementor-element-6446301 elementor-widget elementor-widget-alert\" data-id=\"6446301\" data-element_type=\"widget\" data-widget_type=\"alert.default\">\n\t\t\t\t<div class=\"elementor-widget-container\">\n\t\t\t\t\t<div class=\"elementor-alert elementor-alert-info\" role=\"alert\">\n\t\t\t<span class=\"elementor-alert-title\">WhatsApp Rezervasyon ve Bilgi Hatt\u0131<\/span>\n\t\t\t\t\t\t\t<span class=\"elementor-alert-description\">WhatsApp butonuna t\u0131klayarak bize ula\u015fabilir rezervasyon ve fiyatlar hakk\u0131nda bilgi alabilirsiniz.<\/span>\n\t\t\t\t\t\t\t\t\t\t<button type=\"button\" class=\"elementor-alert-dismiss\">\n\t\t\t\t\t<span aria-hidden=\"true\">&times;<\/span>\n\t\t\t\t\t<span class=\"elementor-screen-only\">Uyar\u0131y\u0131 g\u00f6rmezden gel<\/span>\n\t\t\t\t<\/button>\n\t\t\t\t\t<\/div>\n\t\t\t\t<\/div>\n\t\t\t\t<\/div>\n\t\t\t\t\t<\/div>\n\t\t<\/div>\n\t\t\t\t\t\t\t<\/div>\n\t\t<\/section>\n\t\t\t\t<section class=\"elementor-section elementor-top-section elementor-element elementor-element-dbd90f7 elementor-section-full_width elementor-section-height-default elementor-section-height-default\" data-id=\"dbd90f7\" data-element_type=\"section\">\n\t\t\t\t\t\t<div class=\"elementor-container elementor-column-gap-default\">\n\t\t\t\t\t<div class=\"elementor-column elementor-col-100 elementor-top-column elementor-element elementor-element-7606258\" data-id=\"7606258\" data-element_type=\"column\">\n\t\t\t<div class=\"elementor-widget-wrap elementor-element-populated\">\n\t\t\t\t\t\t\t\t<div class=\"elementor-element elementor-element-e132d3b elementor-widget elementor-widget-spacer\" data-id=\"e132d3b\" data-element_type=\"widget\" data-widget_type=\"spacer.default\">\n\t\t\t\t<div class=\"elementor-widget-container\">\n\t\t\t\t\t<div class=\"elementor-spacer\">\n\t\t\t<div class=\"elementor-spacer-inner\"><\/div>\n\t\t<\/div>\n\t\t\t\t<\/div>\n\t\t\t\t<\/div>\n\t\t\t\t<div class=\"elementor-element elementor-element-45f1458 elementor-widget__width-inherit elementor-widget elementor-widget-google_maps\" data-id=\"45f1458\" data-element_type=\"widget\" data-widget_type=\"google_maps.default\">\n\t\t\t\t<div class=\"elementor-widget-container\">\n\t\t\t\t\t<div class=\"elementor-custom-embed\">\n\t\t\t<iframe frameborder=\"0\" scrolling=\"no\" marginheight=\"0\" marginwidth=\"0\"\n\t\t\t\t\tsrc=\"https:\/\/maps.google.com\/maps?q=Erzurum&#038;t=m&#038;z=13&#038;output=embed&#038;iwloc=near\"\n\t\t\t\t\ttitle=\"Erzurum\"\n\t\t\t\t\taria-label=\"Erzurum\"\n\t\t\t><\/iframe>\n\t\t<\/div>\n\t\t\t\t<\/div>\n\t\t\t\t<\/div>\n\t\t\t\t<div class=\"elementor-element elementor-element-c6bb3b9 elementor-widget elementor-widget-spacer\" data-id=\"c6bb3b9\" data-element_type=\"widget\" data-widget_type=\"spacer.default\">\n\t\t\t\t<div class=\"elementor-widget-container\">\n\t\t\t\t\t<div class=\"elementor-spacer\">\n\t\t\t<div class=\"elementor-spacer-inner\"><\/div>\n\t\t<\/div>\n\t\t\t\t<\/div>\n\t\t\t\t<\/div>\n\t\t\t\t\t<\/div>\n\t\t<\/div>\n\t\t\t\t\t\t\t<\/div>\n\t\t<\/section>\n\t\t\t\t\t\t<\/div>\n\t\t\t\t\t<\/div>\n\t\t","protected":false},"excerpt":{"rendered":"<p>Telefon 0 543 347 87 61 Email iletisim@kasimogullarigroup.com Adres Organize Sanayi B\u00f6lgesi 1.Cadde No:40 Aziziye ERZURUM \u0130LET\u0130\u015e\u0130M B\u0130ZE YAZ G\u00f6nder 0 543 347 87 61 WhatsApp Rezervasyon ve Bilgi Hatt\u0131 WhatsApp butonuna t\u0131klayarak bize ula\u015fabilir rezervasyon ve fiyatlar hakk\u0131nda bilgi alabilirsiniz. &times; Uyar\u0131y\u0131 g\u00f6rmezden gel<\/p>\n","protected":false},"author":1,"featured_media":0,"parent":0,"menu_order":0,"comment_status":"closed","ping_status":"closed","template":"page-fullwidth.php","meta":{"footnotes":""},"class_list":["post-45","page","type-page","status-publish","hentry"],"_links":{"self":[{"href":"https:\/\/www.kasimogullarigroup.com\/reklam\/wp-json\/wp\/v2\/pages\/45","targetHints":{"allow":["GET"]}}],"collection":[{"href":"https:\/\/www.kasimogullarigroup.com\/reklam\/wp-json\/wp\/v2\/pages"}],"about":[{"href":"https:\/\/www.kasimogullarigroup.com\/reklam\/wp-json\/wp\/v2\/types\/page"}],"author":[{"embeddable":true,"href":"https:\/\/www.kasimogullarigroup.com\/reklam\/wp-json\/wp\/v2\/users\/1"}],"replies":[{"embeddable":true,"href":"https:\/\/www.kasimogullarigroup.com\/reklam\/wp-json\/wp\/v2\/comments?post=45"}],"version-history":[{"count":23,"href":"https:\/\/www.kasimogullarigroup.com\/reklam\/wp-json\/wp\/v2\/pages\/45\/revisions"}],"predecessor-version":[{"id":3437,"href":"https:\/\/www.kasimogullarigroup.com\/reklam\/wp-json\/wp\/v2\/pages\/45\/revisions\/3437"}],"wp:attachment":[{"href":"https:\/\/www.kasimogullarigroup.com\/reklam\/wp-json\/wp\/v2\/media?parent=45"}],"curies":[{"name":"wp","href":"https:\/\/api.w.org\/{rel}","templated":true}]}}